{"id":85,"date":"2021-08-09T15:01:07","date_gmt":"2021-08-09T13:01:07","guid":{"rendered":"https:\/\/breckweg.staging.hrnetzwerk.de\/?page_id=85"},"modified":"2021-08-17T16:58:22","modified_gmt":"2021-08-17T14:58:22","slug":"unternehmen","status":"publish","type":"page","link":"https:\/\/breckweg.staging.hrnetzwerk.de\/?page_id=85","title":{"rendered":"Unternehmen"},"content":{"rendered":"<p>[et_pb_section fb_built=&#8220;1&#8243; admin_label=&#8220;Header&#8220; _builder_version=&#8220;4.9.11&#8243; _module_preset=&#8220;default&#8220; background_color=&#8220;#E9E9E9&#8243; background_enable_image=&#8220;off&#8220; background_position=&#8220;top_center&#8220; custom_padding=&#8220;||0px||false|false&#8220; hover_enabled=&#8220;0&#8243; locked=&#8220;off&#8220; global_colors_info=&#8220;{}&#8220; sticky_enabled=&#8220;0&#8243;][et_pb_row column_structure=&#8220;3_5,2_5&#8243; _builder_version=&#8220;4.9.4&#8243; _module_preset=&#8220;default&#8220; global_colors_info=&#8220;{}&#8220;][et_pb_column type=&#8220;3_5&#8243; _builder_version=&#8220;4.9.4&#8243; _module_preset=&#8220;default&#8220; global_colors_info=&#8220;{}&#8220;][et_pb_text _builder_version=&#8220;4.9.4&#8243; _module_preset=&#8220;b0bf5418-994a-43d1-aef8-7d7c6764119d&#8220; header_font=&#8220;Tajawal|900|||||||&#8220; header_text_color=&#8220;#000000&#8243; header_font_size=&#8220;100px&#8220; custom_margin=&#8220;||-3px|||&#8220; header_font_size_tablet=&#8220;50px&#8220; header_font_size_phone=&#8220;32px&#8220; header_font_size_last_edited=&#8220;on|phone&#8220; locked=&#8220;off&#8220; global_colors_info=&#8220;{}&#8220;]<\/p>\n<h1><\/h1>\n<p>[\/et_pb_text][et_pb_image src=&#8220;https:\/\/breckweg.staging.hrnetzwerk.de\/wp-content\/uploads\/2021\/08\/Unternehmen-heute.png&#8220; title_text=&#8220;Unternehmen heute&#8220; _builder_version=&#8220;4.9.4&#8243; _module_preset=&#8220;default&#8220; box_shadow_style=&#8220;preset1&#8243; box_shadow_color=&#8220;#000000&#8243; global_colors_info=&#8220;{}&#8220;][\/et_pb_image][et_pb_text _builder_version=&#8220;4.9.11&#8243; _module_preset=&#8220;c3c1179e-80e4-4396-b700-51b845e1c46f&#8220; header_2_font=&#8220;Tajawal|700|||||||&#8220; header_2_text_align=&#8220;center&#8220; header_2_text_color=&#8220;#FFD3A4&#8243; header_2_font_size=&#8220;50px&#8220; background_color=&#8220;#003772&#8243; custom_margin=&#8220;||-65px|||&#8220; custom_padding=&#8220;26px||40px|||&#8220; header_2_font_size_tablet=&#8220;32px&#8220; header_2_font_size_phone=&#8220;20px&#8220; header_2_font_size_last_edited=&#8220;on|phone&#8220; global_colors_info=&#8220;{%22gcid-87ce0c3f-2a7b-40dd-8a42-4148be75d651%22:%91%93}&#8220;]<\/p>\n<h2 style=\"text-align: center;\"><span style=\"color: #ffffff;\">Besser, aus Erfahrung<\/span><\/h2>\n<p>[\/et_pb_text][\/et_pb_column][et_pb_column type=&#8220;2_5&#8243; _builder_version=&#8220;4.9.4&#8243; _module_preset=&#8220;default&#8220; global_colors_info=&#8220;{}&#8220;][et_pb_text _builder_version=&#8220;4.9.4&#8243; _module_preset=&#8220;c3c1179e-80e4-4396-b700-51b845e1c46f&#8220; header_2_font=&#8220;Tajawal|700|||||||&#8220; header_2_text_color=&#8220;#000000&#8243; header_2_font_size=&#8220;60px&#8220; custom_margin=&#8220;||56px|||&#8220; header_2_font_size_tablet=&#8220;32px&#8220; header_2_font_size_phone=&#8220;20px&#8220; header_2_font_size_last_edited=&#8220;on|phone&#8220; locked=&#8220;off&#8220; global_colors_info=&#8220;{}&#8220;]<\/p>\n<h2 style=\"text-align: center;\"><\/h2>\n<h2 style=\"text-align: center;\"><span style=\"color: #003772;\">Kalkwerke Breckweg<\/span><\/h2>\n<p>[\/et_pb_text][et_pb_text _builder_version=&#8220;4.9.11&#8243; _module_preset=&#8220;default&#8220; text_font=&#8220;Tajawal|700|||||||&#8220; text_text_color=&#8220;#FFFFFF&#8220; text_font_size=&#8220;70px&#8220; text_line_height=&#8220;1.2em&#8220; link_text_color=&#8220;#FE9638&#8243; header_3_text_color=&#8220;#FFFFFF&#8220; text_orientation=&#8220;center&#8220; text_font_size_tablet=&#8220;50px&#8220; text_font_size_phone=&#8220;30px&#8220; text_font_size_last_edited=&#8220;on|phone&#8220; header_font_size_tablet=&#8220;55px&#8220; header_font_size_phone=&#8220;&#8220; header_font_size_last_edited=&#8220;on|tablet&#8220; locked=&#8220;off&#8220; global_colors_info=&#8220;{%22gcid-87cad038-7afd-4dda-acb0-0a24d4ccd112%22:%91%93,%22gcid-431bd12a-5227-4536-9132-2528c0596703%22:%91%93}&#8220; link_font_size__hover_enabled=&#8220;on|desktop&#8220;]Historie[\/et_pb_text][et_pb_image src=&#8220;https:\/\/breckweg.staging.hrnetzwerk.de\/wp-content\/uploads\/2021\/08\/Breckweg-logo.png&#8220; title_text=&#8220;Breckweg logo&#8220; align=&#8220;center&#8220; _builder_version=&#8220;4.9.4&#8243; _module_preset=&#8220;default&#8220; custom_margin=&#8220;||88px|||&#8220; global_colors_info=&#8220;{}&#8220;][\/et_pb_image][et_pb_image src=&#8220;https:\/\/breckweg.staging.hrnetzwerk.de\/wp-content\/uploads\/2021\/08\/Unternehmen_alt.jpg&#8220; title_text=&#8220;Unternehmen_alt&#8220; _builder_version=&#8220;4.9.4&#8243; _module_preset=&#8220;default&#8220; global_colors_info=&#8220;{}&#8220;][\/et_pb_image][\/et_pb_column][\/et_pb_row][\/et_pb_section][et_pb_section fb_built=&#8220;1&#8243; _builder_version=&#8220;4.9.11&#8243; _module_preset=&#8220;default&#8220; background_color=&#8220;#E9E9E9&#8243; hover_enabled=&#8220;0&#8243; global_colors_info=&#8220;{}&#8220; sticky_enabled=&#8220;0&#8243;][et_pb_row _builder_version=&#8220;4.9.4&#8243; _module_preset=&#8220;default&#8220; background_color=&#8220;#003772&#8243; custom_padding=&#8220;20px|25px|20px|25px|true|true&#8220; global_colors_info=&#8220;{}&#8220;][et_pb_column type=&#8220;4_4&#8243; _builder_version=&#8220;4.9.4&#8243; _module_preset=&#8220;default&#8220; global_colors_info=&#8220;{}&#8220;][dipl_timeline global_timeline_icon_color=&#8220;#FFD3A4&#8243; global_icon_fill_color=&#8220;#002C5B&#8220; global_icon_shape=&#8220;use_circle&#8220; timeline_bar_size=&#8220;6px&#8220; timeline_bar_color=&#8220;#FFFFFF&#8220; timeline_bar_fill_color=&#8220;#C1C1C1&#8243; _builder_version=&#8220;4.9.11&#8243; _module_preset=&#8220;default&#8220; global_colors_info=&#8220;{}&#8220;][dipl_timeline_item timeline_title=&#8220;1928&#8243; display_time=&#8220;on&#8220; upload_timeline_image=&#8220;https:\/\/breckweg.staging.hrnetzwerk.de\/wp-content\/uploads\/2021\/08\/Breckweg-logo.png&#8220; _builder_version=&#8220;4.9.11&#8243; _module_preset=&#8220;default&#8220; global_timeline_header_font=&#8220;|600|||||||&#8220; global_timeline_header_text_color=&#8220;#002C5B&#8220; global_timeline_text_text_color=&#8220;#002C5B&#8220; global_timeline_text_font_size=&#8220;17px&#8220; global_timeline_text_letter_spacing=&#8220;1px&#8220; background_color=&#8220;#C8CCDF&#8220; background_enable_color=&#8220;on&#8220; box_shadow_style=&#8220;preset1&#8243; global_colors_info=&#8220;{}&#8220;]Gr\u00fcndung des Kalkwerkes durch Otto Breckweg und seinen Bruder Bernhard.<\/p>\n<p>Der Kalk wurde in Feldbrannt\u00f6fen zu St\u00fcckkalk f\u00fcr die lokalen Baustellen und die Landwirtschaft gebrannt.[\/dipl_timeline_item][dipl_timeline_item timeline_title=&#8220;1933&#8243; display_time=&#8220;on&#8220; upload_timeline_image=&#8220;https:\/\/breckweg.staging.hrnetzwerk.de\/wp-content\/uploads\/2021\/08\/Breckweg-logo.png&#8220; _builder_version=&#8220;4.9.11&#8243; _module_preset=&#8220;default&#8220; global_timeline_header_font=&#8220;|600|||||||&#8220; global_timeline_header_text_color=&#8220;#002C5B&#8220; global_timeline_text_text_color=&#8220;#002C5B&#8220; global_timeline_text_font_size=&#8220;17px&#8220; global_timeline_text_letter_spacing=&#8220;1px&#8220; background_color=&#8220;#C8CCDF&#8220; background_enable_color=&#8220;on&#8220; box_shadow_style=&#8220;preset1&#8243; global_colors_info=&#8220;{}&#8220;]Gr\u00fcndung eines weiteren Kalkwerkes in D\u00f6renthe bei Ibbenb\u00fcren.[\/dipl_timeline_item][dipl_timeline_item timeline_title=&#8220;1935&#8243; display_time=&#8220;on&#8220; upload_timeline_image=&#8220;https:\/\/breckweg.staging.hrnetzwerk.de\/wp-content\/uploads\/2021\/08\/Breckweg-logo.png&#8220; _builder_version=&#8220;4.9.11&#8243; _module_preset=&#8220;default&#8220; global_timeline_header_font=&#8220;|600|||||||&#8220; global_timeline_header_text_color=&#8220;#002C5B&#8220; global_timeline_text_text_color=&#8220;#002C5B&#8220; global_timeline_text_font_size=&#8220;17px&#8220; global_timeline_text_letter_spacing=&#8220;1px&#8220; background_color=&#8220;#C8CCDF&#8220; background_enable_color=&#8220;on&#8220; box_shadow_style=&#8220;preset1&#8243; global_colors_info=&#8220;{}&#8220;]<\/p>\n<p>Erwerb des Kalkwerkes \u201eWilhelmina\u201c in Riesenbeck.<\/p>\n<p>Das Werk in D\u00f6renthe wird von Bernhard voll \u00fcbernommen.<\/p>\n<p>Die Werke in Rheine und Riesenbeck bleiben bei Otto Breckweg.<\/p>\n<p>[\/dipl_timeline_item][dipl_timeline_item timeline_title=&#8220;1949&#8243; display_time=&#8220;on&#8220; upload_timeline_image=&#8220;https:\/\/breckweg.staging.hrnetzwerk.de\/wp-content\/uploads\/2021\/08\/Breckweg-logo.png&#8220; _builder_version=&#8220;4.9.11&#8243; _module_preset=&#8220;default&#8220; global_timeline_header_font=&#8220;|600|||||||&#8220; global_timeline_header_text_color=&#8220;#002C5B&#8220; global_timeline_text_text_color=&#8220;#002C5B&#8220; global_timeline_text_font_size=&#8220;17px&#8220; global_timeline_text_letter_spacing=&#8220;1px&#8220; background_color=&#8220;#C8CCDF&#8220; background_enable_color=&#8220;on&#8220; box_shadow_style=&#8220;preset1&#8243; global_colors_info=&#8220;{}&#8220;]Errichtung des ersten Ofens in Rheine. <\/p>\n<p>Im Jahresrhythmus folgen drei weitere \u00d6fen.<br \/>\nAu\u00dferdem folgen weitere Ausbauten des Werkes und die Mechanisierung schreitet voran.[\/dipl_timeline_item][dipl_timeline_item timeline_title=&#8220;1960&#8243; display_time=&#8220;on&#8220; upload_timeline_image=&#8220;https:\/\/breckweg.staging.hrnetzwerk.de\/wp-content\/uploads\/2021\/08\/Breckweg-logo.png&#8220; _builder_version=&#8220;4.9.11&#8243; _module_preset=&#8220;default&#8220; global_timeline_header_font=&#8220;|600|||||||&#8220; global_timeline_header_text_color=&#8220;#002C5B&#8220; global_timeline_text_text_color=&#8220;#002C5B&#8220; global_timeline_text_font_size=&#8220;17px&#8220; global_timeline_text_letter_spacing=&#8220;1px&#8220; background_color=&#8220;#C8CCDF&#8220; background_enable_color=&#8220;on&#8220; box_shadow_style=&#8220;preset1&#8243; global_colors_info=&#8220;{}&#8220;]Anfang der sechziger Jahre wird in Rheine das benachbarte Kalkwerk \u201eDeitmar\u201c \u00fcbernommen[\/dipl_timeline_item][dipl_timeline_item timeline_title=&#8220;1967&#8243; display_time=&#8220;on&#8220; upload_timeline_image=&#8220;https:\/\/breckweg.staging.hrnetzwerk.de\/wp-content\/uploads\/2021\/08\/Breckweg-logo.png&#8220; _builder_version=&#8220;4.9.11&#8243; _module_preset=&#8220;default&#8220; global_timeline_header_font=&#8220;|600|||||||&#8220; global_timeline_header_text_color=&#8220;#002C5B&#8220; global_timeline_text_text_color=&#8220;#002C5B&#8220; global_timeline_text_font_size=&#8220;17px&#8220; global_timeline_text_letter_spacing=&#8220;1px&#8220; background_color=&#8220;#C8CCDF&#8220; background_enable_color=&#8220;on&#8220; box_shadow_style=&#8220;preset1&#8243; global_colors_info=&#8220;{}&#8220;]Die Produktion in Riesenbeck wird stillgelegt.[\/dipl_timeline_item][dipl_timeline_item timeline_title=&#8220;1969&#8243; display_time=&#8220;on&#8220; upload_timeline_image=&#8220;https:\/\/breckweg.staging.hrnetzwerk.de\/wp-content\/uploads\/2021\/08\/Breckweg-logo.png&#8220; _builder_version=&#8220;4.9.11&#8243; _module_preset=&#8220;default&#8220; global_timeline_header_font=&#8220;|600|||||||&#8220; global_timeline_header_text_color=&#8220;#002C5B&#8220; global_timeline_text_text_color=&#8220;#002C5B&#8220; global_timeline_text_font_size=&#8220;17px&#8220; global_timeline_text_letter_spacing=&#8220;1px&#8220; background_color=&#8220;#C8CCDF&#8220; background_enable_color=&#8220;on&#8220; box_shadow_style=&#8220;preset1&#8243; global_colors_info=&#8220;{}&#8220;]Josef Breckweg \u00fcbernimmt die Gesch\u00e4ftsf\u00fchrung der Kalkwerke Otto Breckweg GmbH.[\/dipl_timeline_item][dipl_timeline_item timeline_title=&#8220;1972&#8243; display_time=&#8220;on&#8220; upload_timeline_image=&#8220;https:\/\/breckweg.staging.hrnetzwerk.de\/wp-content\/uploads\/2021\/08\/Breckweg-logo.png&#8220; _builder_version=&#8220;4.9.11&#8243; _module_preset=&#8220;default&#8220; global_timeline_header_font=&#8220;|600|||||||&#8220; global_timeline_header_text_color=&#8220;#002C5B&#8220; global_timeline_text_text_color=&#8220;#002C5B&#8220; global_timeline_text_font_size=&#8220;17px&#8220; global_timeline_text_letter_spacing=&#8220;1px&#8220; background_color=&#8220;#C8CCDF&#8220; background_enable_color=&#8220;on&#8220; box_shadow_style=&#8220;preset1&#8243; global_colors_info=&#8220;{}&#8220;]Installation von zwei modernen Mehrkammerschacht\u00f6fen im Werk Breckweg. <\/p>\n<p>Die neuen \u00d6fen ersetzen die alten vier \u00d6fen und liefern eine deutlich bessere Kalkqualit\u00e4t, ebenso werden die Umweltbelastungen reduziert.[\/dipl_timeline_item][dipl_timeline_item timeline_title=&#8220;1983&#8243; display_time=&#8220;on&#8220; upload_timeline_image=&#8220;https:\/\/breckweg.staging.hrnetzwerk.de\/wp-content\/uploads\/2021\/08\/Breckweg-logo.png&#8220; _builder_version=&#8220;4.9.11&#8243; _module_preset=&#8220;default&#8220; global_timeline_header_font=&#8220;|600|||||||&#8220; global_timeline_header_text_color=&#8220;#002C5B&#8220; global_timeline_text_text_color=&#8220;#002C5B&#8220; global_timeline_text_font_size=&#8220;17px&#8220; global_timeline_text_letter_spacing=&#8220;1px&#8220; background_color=&#8220;#C8CCDF&#8220; background_enable_color=&#8220;on&#8220; box_shadow_style=&#8220;preset1&#8243; global_colors_info=&#8220;{}&#8220;]Es folgt ein dritter Mehrkammerschachtofen, der die Produktionsleistung auf ann\u00e4hernd 300 Tonnen pro Tag steigert.[\/dipl_timeline_item][dipl_timeline_item timeline_title=&#8220;1990&#8243; display_time=&#8220;on&#8220; upload_timeline_image=&#8220;https:\/\/breckweg.staging.hrnetzwerk.de\/wp-content\/uploads\/2021\/08\/Breckweg-logo.png&#8220; _builder_version=&#8220;4.9.11&#8243; _module_preset=&#8220;default&#8220; global_timeline_header_font=&#8220;|600|||||||&#8220; global_timeline_header_text_color=&#8220;#002C5B&#8220; global_timeline_text_text_color=&#8220;#002C5B&#8220; global_timeline_text_font_size=&#8220;17px&#8220; global_timeline_text_letter_spacing=&#8220;1px&#8220; background_color=&#8220;#C8CCDF&#8220; background_enable_color=&#8220;on&#8220; box_shadow_style=&#8220;preset1&#8243; global_colors_info=&#8220;{}&#8220;]In den neunziger Jahren werden weitere Investitionen in Anlagenerweiterungen und neue Produktionslinien get\u00e4tigt.[\/dipl_timeline_item][dipl_timeline_item timeline_title=&#8220;2001&#8243; display_time=&#8220;on&#8220; upload_timeline_image=&#8220;https:\/\/breckweg.staging.hrnetzwerk.de\/wp-content\/uploads\/2021\/08\/Breckweg-logo.png&#8220; _builder_version=&#8220;4.9.11&#8243; _module_preset=&#8220;default&#8220; global_timeline_header_font=&#8220;|600|||||||&#8220; global_timeline_header_text_color=&#8220;#002C5B&#8220; global_timeline_text_text_color=&#8220;#002C5B&#8220; global_timeline_text_font_size=&#8220;17px&#8220; global_timeline_text_letter_spacing=&#8220;1px&#8220; background_color=&#8220;#C8CCDF&#8220; background_enable_color=&#8220;on&#8220; box_shadow_style=&#8220;preset1&#8243; global_colors_info=&#8220;{}&#8220;]Andreas Breckweg tritt in die Gesch\u00e4ftsf\u00fchrung des Unternehmens ein und f\u00fchrt damit das Familienunternehmen in der dritten Generation.[\/dipl_timeline_item][dipl_timeline_item timeline_title=&#8220;2009&#8243; display_time=&#8220;on&#8220; upload_timeline_image=&#8220;https:\/\/breckweg.staging.hrnetzwerk.de\/wp-content\/uploads\/2021\/08\/Breckweg-logo.png&#8220; _builder_version=&#8220;4.9.11&#8243; _module_preset=&#8220;default&#8220; global_timeline_header_font=&#8220;|600|||||||&#8220; global_timeline_header_text_color=&#8220;#002C5B&#8220; global_timeline_text_text_color=&#8220;#002C5B&#8220; global_timeline_text_font_size=&#8220;17px&#8220; global_timeline_text_letter_spacing=&#8220;1px&#8220; background_color=&#8220;#C8CCDF&#8220; background_enable_color=&#8220;on&#8220; box_shadow_style=&#8220;preset1&#8243; global_colors_info=&#8220;{}&#8220;]Erweiterung der Silokapazit\u00e4ten durch das Aufstellen von vier Silos mit je 100 Tonnen Volumen.[\/dipl_timeline_item][dipl_timeline_item timeline_title=&#8220;2012&#8243; display_time=&#8220;on&#8220; upload_timeline_image=&#8220;https:\/\/breckweg.staging.hrnetzwerk.de\/wp-content\/uploads\/2021\/08\/Breckweg-logo.png&#8220; _builder_version=&#8220;4.9.11&#8243; _module_preset=&#8220;default&#8220; global_timeline_header_font=&#8220;|600|||||||&#8220; global_timeline_header_text_color=&#8220;#002C5B&#8220; global_timeline_text_text_color=&#8220;#002C5B&#8220; global_timeline_text_font_size=&#8220;17px&#8220; global_timeline_text_letter_spacing=&#8220;1px&#8220; background_color=&#8220;#C8CCDF&#8220; background_enable_color=&#8220;on&#8220; box_shadow_style=&#8220;preset1&#8243; global_colors_info=&#8220;{}&#8220;]Schwerer Schicksalsschlag f\u00fcr das Unternehmen durch einen Brand des Dachstuhles, welcher das Herz des Kalkwerkes darstellte. Der Wiederaufbau konnte jedoch durch den au\u00dferordentlichen Zusammenhalt der Belegschaft unter F\u00fchrung von Andreas Breckweg gut gemeistert werden.[\/dipl_timeline_item][dipl_timeline_item timeline_title=&#8220;2014&#8243; display_time=&#8220;on&#8220; upload_timeline_image=&#8220;https:\/\/breckweg.staging.hrnetzwerk.de\/wp-content\/uploads\/2021\/08\/Breckweg-logo.png&#8220; _builder_version=&#8220;4.9.11&#8243; _module_preset=&#8220;default&#8220; global_timeline_header_font=&#8220;|600|||||||&#8220; global_timeline_header_text_color=&#8220;#002C5B&#8220; global_timeline_text_text_color=&#8220;#002C5B&#8220; global_timeline_text_font_size=&#8220;17px&#8220; global_timeline_text_letter_spacing=&#8220;1px&#8220; background_color=&#8220;#C8CCDF&#8220; background_enable_color=&#8220;on&#8220; box_shadow_style=&#8220;preset1&#8243; global_colors_info=&#8220;{}&#8220;]Als zweites Standbein und als Erg\u00e4nzung der Produktpalette wird ein Steinbruch in Brilon\/Madfeld \u00fcbernommen. Zudem wurde in Rheine mit der Werksvisualisierung und der Einf\u00fchrung einer Kalkl\u00f6schanlage begonnen.[\/dipl_timeline_item][dipl_timeline_item timeline_title=&#8220;2018&#8243; display_time=&#8220;on&#8220; upload_timeline_image=&#8220;https:\/\/breckweg.staging.hrnetzwerk.de\/wp-content\/uploads\/2021\/08\/Breckweg-logo.png&#8220; _builder_version=&#8220;4.9.11&#8243; _module_preset=&#8220;default&#8220; global_timeline_header_font=&#8220;|600|||||||&#8220; global_timeline_header_text_color=&#8220;#002C5B&#8220; global_timeline_text_text_color=&#8220;#002C5B&#8220; global_timeline_text_font_size=&#8220;17px&#8220; global_timeline_text_letter_spacing=&#8220;1px&#8220; background_color=&#8220;#C8CCDF&#8220; background_enable_color=&#8220;on&#8220; box_shadow_style=&#8220;preset1&#8243; global_colors_info=&#8220;{}&#8220;]Erneuerung der Filteranlage am Ofen 3 und der Mahltrocknungsanlage, um den aktuellen Stand der Technik zu gew\u00e4hrleisten.<br \/>\nDes Weiteren wurden die Vorbrechanlage und diverse F\u00f6rderanlagen erneuert und visualisiert.[\/dipl_timeline_item][dipl_timeline_item timeline_title=&#8220;2019&#8243; display_time=&#8220;on&#8220; upload_timeline_image=&#8220;https:\/\/breckweg.staging.hrnetzwerk.de\/wp-content\/uploads\/2021\/08\/Breckweg-logo.png&#8220; _builder_version=&#8220;4.9.11&#8243; _module_preset=&#8220;default&#8220; global_timeline_header_font=&#8220;|600|||||||&#8220; global_timeline_header_text_color=&#8220;#002C5B&#8220; global_timeline_text_text_color=&#8220;#002C5B&#8220; global_timeline_text_font_size=&#8220;17px&#8220; global_timeline_text_letter_spacing=&#8220;1px&#8220; background_color=&#8220;#C8CCDF&#8220; background_enable_color=&#8220;on&#8220; box_shadow_style=&#8220;preset1&#8243; global_colors_info=&#8220;{}&#8220;]F\u00fcr die Rekultivierung des Steinbruches in Rheine wurde eine Bodenkippstelle mit einem Volumen von 1,5 Millionen Kubik er\u00f6ffnet.<br \/>\nEbenso wurden zwei Reifenwaschanlagen in Betrieb genommen.[\/dipl_timeline_item][\/dipl_timeline][\/et_pb_column][\/et_pb_row][\/et_pb_section]<\/p>\n","protected":false},"excerpt":{"rendered":"<p>Besser, aus Erfahrung Kalkwerke BreckwegHistorie<div class=\"et_pb_module dipl_timeline dipl_timeline_0\">\n\t\t\t\t\n\t\t\t\t\n\t\t\t\t\n\t\t\t\t\n\t\t\t\t<div class=\"et_pb_module_inner\">\n\t\t\t\t\t<div class=\"dipl_timeline_alternate\"><div class=\"dipl_timeline_wrapper\">\n                            \n                        <\/div><div class=\"dipl_timeline_alternate_stem dipl_icon_tree_stem\"><div class=\"dipl_stem_wrapper\"><div class=\"dipl_stem\"><\/div><\/div><\/div><\/div>\n\t\t\t\t<\/div>\n\t\t\t<\/div><div class=\"et_pb_module dipl_timeline_item dipl_timeline_item_0\">\n\t\t\t\t<div class=\"dipl_icon_tree dipl_timeline_item_wrapper\">        \n                                <div class=\"dipl_stem_center\"><div class=\"dipl_image_wrapper\"><img decoding=\"async\" src=\"https:\/\/breckweg.staging.hrnetzwerk.de\/wp-content\/uploads\/2021\/08\/Breckweg-logo.png\"\/><\/div><\/div>\n                                <div class=\"dipl_item_content\">\n                                \t<div class=\"dipl_item_content_inner\">\n\t                                    \n\t                                    <h3 class=\"dipl_item_title\">1928<\/h3>\n\t                                    <div class=\"dipl_item_desc\">Gr\u00fcndung des Kalkwerkes durch Otto Breckweg und seinen Bruder Bernhard. Der Kalk wurde in Feldbrannt\u00f6fen zu St\u00fcckkalk f\u00fcr die lokalen Baustellen und die Landwirtschaft gebrannt.<\/div>\n\t                                  \t<span class=\"dipl_triangle\"><\/span>\n\t                                <\/div>\n                                <\/div>\n                                <div class=\"dipl_date_container\"><\/div>\n                            <\/div>\n\t\t\t<\/div><div class=\"et_pb_module dipl_timeline_item dipl_timeline_item_1\">\n\t\t\t\t<div class=\"dipl_icon_tree dipl_timeline_item_wrapper\">        \n                                <div class=\"dipl_stem_center\"><div class=\"dipl_image_wrapper\"><img decoding=\"async\" src=\"&#8220;https:\/\/breckweg.staging.hrnetzwerk.de\/wp-content\/uploads\/2021\/08\/Breckweg-logo.png&#8220;\"\/><\/div><\/div>\n                                <div class=\"dipl_item_content\">\n                                \t<div class=\"dipl_item_content_inner\">\n\t                                    \n\t                                    <h3 class=\"dipl_item_title\">&#8220;1933&#8243;<\/h3>\n\t                                    \n\t                                  \t<span class=\"dipl_triangle\"><\/span>\n\t                                <\/div>\n                                <\/div>\n                                <div class=\"dipl_date_container\"><\/div>\n                            <\/div>\n\t\t\t<\/div><\/p>\n","protected":false},"author":2,"featured_media":0,"parent":0,"menu_order":0,"comment_status":"closed","ping_status":"closed","template":"","meta":{"_et_pb_use_builder":"on","_et_pb_old_content":"","_et_gb_content_width":"","spay_email":"","footnotes":""},"class_list":["post-85","page","type-page","status-publish","hentry"],"_links":{"self":[{"href":"https:\/\/breckweg.staging.hrnetzwerk.de\/index.php?rest_route=\/wp\/v2\/pages\/85","targetHints":{"allow":["GET"]}}],"collection":[{"href":"https:\/\/breckweg.staging.hrnetzwerk.de\/index.php?rest_route=\/wp\/v2\/pages"}],"about":[{"href":"https:\/\/breckweg.staging.hrnetzwerk.de\/index.php?rest_route=\/wp\/v2\/types\/page"}],"author":[{"embeddable":true,"href":"https:\/\/breckweg.staging.hrnetzwerk.de\/index.php?rest_route=\/wp\/v2\/users\/2"}],"replies":[{"embeddable":true,"href":"https:\/\/breckweg.staging.hrnetzwerk.de\/index.php?rest_route=%2Fwp%2Fv2%2Fcomments&post=85"}],"version-history":[{"count":14,"href":"https:\/\/breckweg.staging.hrnetzwerk.de\/index.php?rest_route=\/wp\/v2\/pages\/85\/revisions"}],"predecessor-version":[{"id":245255,"href":"https:\/\/breckweg.staging.hrnetzwerk.de\/index.php?rest_route=\/wp\/v2\/pages\/85\/revisions\/245255"}],"wp:attachment":[{"href":"https:\/\/breckweg.staging.hrnetzwerk.de\/index.php?rest_route=%2Fwp%2Fv2%2Fmedia&parent=85"}],"curies":[{"name":"wp","href":"https:\/\/api.w.org\/{rel}","templated":true}]}}