{"id":7,"date":"2021-07-15T13:25:25","date_gmt":"2021-07-15T13:25:25","guid":{"rendered":"http:\/\/breckweg.staging.hrnetzwerk.de\/?page_id=7"},"modified":"2021-08-20T19:47:05","modified_gmt":"2021-08-20T17:47:05","slug":"wilkommen","status":"publish","type":"page","link":"https:\/\/breckweg.staging.hrnetzwerk.de\/","title":{"rendered":"Willkommen"},"content":{"rendered":"<p>[et_pb_section fb_built=&#8220;1&#8243; admin_label=&#8220;Header&#8220; _builder_version=&#8220;4.9.4&#8243; _module_preset=&#8220;default&#8220; use_background_color_gradient=&#8220;on&#8220; background_color_gradient_start=&#8220;rgba(0,0,0,0.7)&#8220; background_color_gradient_end=&#8220;rgba(0,0,0,0)&#8220; background_color_gradient_direction=&#8220;285deg&#8220; background_color_gradient_overlays_image=&#8220;on&#8220; background_image=&#8220;https:\/\/breckweg.staging.hrnetzwerk.de\/wp-content\/uploads\/2021\/08\/Home.jpg&#8220; custom_padding=&#8220;||0px||false|false&#8220; global_colors_info=&#8220;{}&#8220;][et_pb_row column_structure=&#8220;3_5,2_5&#8243; make_equal=&#8220;on&#8220; _builder_version=&#8220;4.9.11&#8243; _module_preset=&#8220;default&#8220; z_index=&#8220;10&#8243; custom_margin=&#8220;||||false|false&#8220; custom_padding=&#8220;||0px||false|false&#8220; global_colors_info=&#8220;{}&#8220;][et_pb_column type=&#8220;3_5&#8243; _builder_version=&#8220;4.9.11&#8243; _module_preset=&#8220;default&#8220; background_color=&#8220;RGBA(0,0,0,0)&#8220; custom_padding=&#8220;100px||||false|false&#8220; custom_padding_tablet=&#8220;0px||||false|false&#8220; custom_padding_phone=&#8220;&#8220; custom_padding_last_edited=&#8220;on|phone&#8220; global_colors_info=&#8220;{}&#8220;][et_pb_text _builder_version=&#8220;4.9.4&#8243; _module_preset=&#8220;bc3df28d-7a1e-4346-9b94-aa11c48ce922&#8243; text_font=&#8220;|700|||||||&#8220; text_text_color=&#8220;#002C5B&#8220; text_font_size=&#8220;25px&#8220; text_letter_spacing=&#8220;1px&#8220; header_4_font=&#8220;Tajawal|700||on|||||&#8220; header_4_text_color=&#8220;#FFFFFF&#8220; header_4_font_size=&#8220;14px&#8220; header_4_letter_spacing=&#8220;2px&#8220; header_4_line_height=&#8220;1.5em&#8220; custom_margin=&#8220;||0px||false|false&#8220; header_4_font_size_tablet=&#8220;13px&#8220; header_4_font_size_phone=&#8220;12px&#8220; header_4_font_size_last_edited=&#8220;on|phone&#8220; global_colors_info=&#8220;{}&#8220;][\/et_pb_text][et_pb_text _builder_version=&#8220;4.9.11&#8243; _module_preset=&#8220;b0bf5418-994a-43d1-aef8-7d7c6764119d&#8220; text_font=&#8220;|600|||||||&#8220; text_text_color=&#8220;#FFFFFF&#8220; text_font_size=&#8220;43px&#8220; text_letter_spacing=&#8220;2px&#8220; text_line_height=&#8220;1.8em&#8220; header_font=&#8220;Tajawal|900|||||||&#8220; header_text_color=&#8220;#C1C1C1&#8243; header_font_size=&#8220;60px&#8220; background_color=&#8220;rgba(0,0,0,0.23)&#8220; custom_padding=&#8220;20px|20px|20px|20px|true|false&#8220; header_font_size_tablet=&#8220;50px&#8220; header_font_size_phone=&#8220;32px&#8220; header_font_size_last_edited=&#8220;on|phone&#8220; global_colors_info=&#8220;{}&#8220;]<\/p>\n<p><span style=\"color: #ffffff;\">Innovative L\u00f6sungen<\/span><br \/><span style=\"color: #ffffff;\">mit Zukunft<\/span><\/p>\n<p>[\/et_pb_text][\/et_pb_column][et_pb_column type=&#8220;2_5&#8243; _builder_version=&#8220;4.9.11&#8243; _module_preset=&#8220;default&#8220; background_color=&#8220;#E9E9E9&#8243; custom_padding=&#8220;50px|30px|50px|30px|true|true&#8220; custom_padding_tablet=&#8220;&#8220; custom_padding_phone=&#8220;50px|20px|50px|20px|true|true&#8220; custom_padding_last_edited=&#8220;on|phone&#8220; box_shadow_style=&#8220;preset3&#8243; box_shadow_vertical=&#8220;39px&#8220; box_shadow_blur=&#8220;74px&#8220; box_shadow_spread=&#8220;-8px&#8220; box_shadow_color=&#8220;rgba(0,0,0,0.2)&#8220; global_colors_info=&#8220;{}&#8220;][et_pb_image src=&#8220;https:\/\/breckweg.staging.hrnetzwerk.de\/wp-content\/uploads\/2021\/08\/Original_Breckweg-Logo_freigestellt_250px_72dpi.png&#8220; title_text=&#8220;Original_Breckweg-Logo_freigestellt_250px_72dpi&#8220; align=&#8220;center&#8220; _builder_version=&#8220;4.9.11&#8243; _module_preset=&#8220;default&#8220; background_color=&#8220;RGBA(0,0,0,0)&#8220; width=&#8220;56%&#8220; global_colors_info=&#8220;{}&#8220;][\/et_pb_image][et_pb_text _builder_version=&#8220;4.9.4&#8243; _module_preset=&#8220;bc3df28d-7a1e-4346-9b94-aa11c48ce922&#8243; header_4_font=&#8220;Tajawal|700||on|||||&#8220; header_4_text_color=&#8220;gcid-87ce0c3f-2a7b-40dd-8a42-4148be75d651&#8243; header_4_font_size=&#8220;14px&#8220; header_4_letter_spacing=&#8220;2px&#8220; header_4_line_height=&#8220;1.5em&#8220; custom_margin=&#8220;||0px||false|false&#8220; header_4_font_size_tablet=&#8220;13px&#8220; header_4_font_size_phone=&#8220;12px&#8220; header_4_font_size_last_edited=&#8220;on|phone&#8220; locked=&#8220;off&#8220; global_colors_info=&#8220;{%22gcid-87ce0c3f-2a7b-40dd-8a42-4148be75d651%22:%91%93}&#8220;]<\/p>\n<h4>Der schnelle Weg zu uns <\/h4>\n<p>[\/et_pb_text][et_pb_text _builder_version=&#8220;4.9.4&#8243; _module_preset=&#8220;9471635f-4d55-44f4-9c8c-d8b240ab9aca&#8220; header_font=&#8220;||||||||&#8220; header_3_font=&#8220;Tajawal|700|||||||&#8220; header_3_text_color=&#8220;#71b100&#8243; header_3_font_size=&#8220;40px&#8220; header_3_font_size_tablet=&#8220;24px&#8220; header_3_font_size_phone=&#8220;18px&#8220; header_3_font_size_last_edited=&#8220;on|phone&#8220; global_colors_info=&#8220;{}&#8220;]<\/p>\n<h3><span style=\"color: #003772;\">05971 &#8211; 160240<\/span><\/h3>\n<p>[\/et_pb_text][et_pb_text _builder_version=&#8220;4.9.4&#8243; _module_preset=&#8220;bc3df28d-7a1e-4346-9b94-aa11c48ce922&#8243; header_4_font=&#8220;Tajawal|700||on|||||&#8220; header_4_text_color=&#8220;gcid-87ce0c3f-2a7b-40dd-8a42-4148be75d651&#8243; header_4_font_size=&#8220;14px&#8220; header_4_letter_spacing=&#8220;2px&#8220; header_4_line_height=&#8220;1.5em&#8220; custom_margin=&#8220;||0px||false|false&#8220; header_4_font_size_tablet=&#8220;13px&#8220; header_4_font_size_phone=&#8220;12px&#8220; header_4_font_size_last_edited=&#8220;on|phone&#8220; global_colors_info=&#8220;{%22gcid-87ce0c3f-2a7b-40dd-8a42-4148be75d651%22:%91%93}&#8220;]<\/p>\n<h4>oder senden Sie uns eine NAchricht<\/h4>\n<p>[\/et_pb_text][et_pb_contact_form captcha=&#8220;off&#8220; email=&#8220;sales@breckweg.de&#8220; success_message=&#8220;Vielen Dank f\u00fcr ihre Nachricht.&#8220; _builder_version=&#8220;4.9.11&#8243; _module_preset=&#8220;default&#8220; form_field_background_color=&#8220;#f6f7fb&#8220; form_field_text_color=&#8220;#a1afab&#8220; form_field_custom_margin=&#8220;||16px||false|false&#8220; form_field_font=&#8220;Tajawal|||on|||||&#8220; form_field_font_size=&#8220;12px&#8220; form_field_letter_spacing=&#8220;3px&#8220; form_field_line_height=&#8220;1.8em&#8220; background_color=&#8220;RGBA(0,0,0,0)&#8220; custom_button=&#8220;on&#8220; button_text_size=&#8220;12px&#8220; button_text_color=&#8220;#002C5B&#8220; button_bg_color=&#8220;#FFFFFF&#8220; button_border_width=&#8220;0px&#8220; button_border_radius=&#8220;0px&#8220; button_letter_spacing=&#8220;3px&#8220; button_font=&#8220;Tajawal|700||on|||||&#8220; button_custom_padding=&#8220;15px|30px|15px|30px|true|true&#8220; button_custom_padding_tablet=&#8220;|248px||248px|true|true&#8220; button_custom_padding_phone=&#8220;|100px||100px|true|true&#8220; button_custom_padding_last_edited=&#8220;off|desktop&#8220; box_shadow_style_button=&#8220;preset3&#8243; box_shadow_vertical_button=&#8220;33px&#8220; box_shadow_blur_button=&#8220;40px&#8220; box_shadow_spread_button=&#8220;-10px&#8220; box_shadow_color_button=&#8220;rgba(0,0,0,0.2)&#8220; global_colors_info=&#8220;{}&#8220;][et_pb_contact_field field_id=&#8220;Name&#8220; field_title=&#8220;Name&#8220; fullwidth_field=&#8220;on&#8220; _builder_version=&#8220;4.9.4&#8243; background_color=&#8220;#003772&#8243; background_enable_color=&#8220;on&#8220; global_colors_info=&#8220;{}&#8220; button_text_size__hover_enabled=&#8220;off&#8220; button_one_text_size__hover_enabled=&#8220;off&#8220; button_two_text_size__hover_enabled=&#8220;off&#8220; button_text_color__hover_enabled=&#8220;off&#8220; button_one_text_color__hover_enabled=&#8220;off&#8220; button_two_text_color__hover_enabled=&#8220;off&#8220; button_border_width__hover_enabled=&#8220;off&#8220; button_one_border_width__hover_enabled=&#8220;off&#8220; button_two_border_width__hover_enabled=&#8220;off&#8220; button_border_color__hover_enabled=&#8220;off&#8220; button_one_border_color__hover_enabled=&#8220;off&#8220; button_two_border_color__hover_enabled=&#8220;off&#8220; button_border_radius__hover_enabled=&#8220;off&#8220; button_one_border_radius__hover_enabled=&#8220;off&#8220; button_two_border_radius__hover_enabled=&#8220;off&#8220; button_letter_spacing__hover_enabled=&#8220;off&#8220; button_one_letter_spacing__hover_enabled=&#8220;off&#8220; button_two_letter_spacing__hover_enabled=&#8220;off&#8220; button_bg_color__hover_enabled=&#8220;off&#8220; button_one_bg_color__hover_enabled=&#8220;off&#8220; button_two_bg_color__hover_enabled=&#8220;off&#8220;][\/et_pb_contact_field][et_pb_contact_field field_id=&#8220;Email&#8220; field_title=&#8220;Email Addresse&#8220; field_type=&#8220;email&#8220; fullwidth_field=&#8220;on&#8220; _builder_version=&#8220;4.9.4&#8243; background_color=&#8220;#003772&#8243; background_enable_color=&#8220;on&#8220; global_colors_info=&#8220;{}&#8220; button_text_size__hover_enabled=&#8220;off&#8220; button_one_text_size__hover_enabled=&#8220;off&#8220; button_two_text_size__hover_enabled=&#8220;off&#8220; button_text_color__hover_enabled=&#8220;off&#8220; button_one_text_color__hover_enabled=&#8220;off&#8220; button_two_text_color__hover_enabled=&#8220;off&#8220; button_border_width__hover_enabled=&#8220;off&#8220; button_one_border_width__hover_enabled=&#8220;off&#8220; button_two_border_width__hover_enabled=&#8220;off&#8220; button_border_color__hover_enabled=&#8220;off&#8220; button_one_border_color__hover_enabled=&#8220;off&#8220; button_two_border_color__hover_enabled=&#8220;off&#8220; button_border_radius__hover_enabled=&#8220;off&#8220; button_one_border_radius__hover_enabled=&#8220;off&#8220; button_two_border_radius__hover_enabled=&#8220;off&#8220; button_letter_spacing__hover_enabled=&#8220;off&#8220; button_one_letter_spacing__hover_enabled=&#8220;off&#8220; button_two_letter_spacing__hover_enabled=&#8220;off&#8220; button_bg_color__hover_enabled=&#8220;off&#8220; button_one_bg_color__hover_enabled=&#8220;off&#8220; button_two_bg_color__hover_enabled=&#8220;off&#8220;][\/et_pb_contact_field][et_pb_contact_field field_id=&#8220;Nachricht&#8220; field_title=&#8220;Nachricht&#8220; field_type=&#8220;text&#8220; fullwidth_field=&#8220;on&#8220; _builder_version=&#8220;4.9.4&#8243; background_color=&#8220;#003772&#8243; background_enable_color=&#8220;on&#8220; global_colors_info=&#8220;{}&#8220; button_text_size__hover_enabled=&#8220;off&#8220; button_one_text_size__hover_enabled=&#8220;off&#8220; button_two_text_size__hover_enabled=&#8220;off&#8220; button_text_color__hover_enabled=&#8220;off&#8220; button_one_text_color__hover_enabled=&#8220;off&#8220; button_two_text_color__hover_enabled=&#8220;off&#8220; button_border_width__hover_enabled=&#8220;off&#8220; button_one_border_width__hover_enabled=&#8220;off&#8220; button_two_border_width__hover_enabled=&#8220;off&#8220; button_border_color__hover_enabled=&#8220;off&#8220; button_one_border_color__hover_enabled=&#8220;off&#8220; button_two_border_color__hover_enabled=&#8220;off&#8220; button_border_radius__hover_enabled=&#8220;off&#8220; button_one_border_radius__hover_enabled=&#8220;off&#8220; button_two_border_radius__hover_enabled=&#8220;off&#8220; button_letter_spacing__hover_enabled=&#8220;off&#8220; button_one_letter_spacing__hover_enabled=&#8220;off&#8220; button_two_letter_spacing__hover_enabled=&#8220;off&#8220; button_bg_color__hover_enabled=&#8220;off&#8220; button_one_bg_color__hover_enabled=&#8220;off&#8220; button_two_bg_color__hover_enabled=&#8220;off&#8220;][\/et_pb_contact_field][\/et_pb_contact_form][\/et_pb_column][\/et_pb_row][\/et_pb_section][et_pb_section fb_built=&#8220;1&#8243; admin_label=&#8220;Categories&#8220; _builder_version=&#8220;4.9.11&#8243; _module_preset=&#8220;default&#8220; background_color=&#8220;#E9E9E9&#8243; custom_margin=&#8220;-72px|||||&#8220; custom_padding=&#8220;||2px||false|false&#8220; global_colors_info=&#8220;{}&#8220;][et_pb_row use_custom_gutter=&#8220;on&#8220; gutter_width=&#8220;1&#8243; make_equal=&#8220;on&#8220; custom_padding_last_edited=&#8220;on|desktop&#8220; _builder_version=&#8220;4.9.11&#8243; _module_preset=&#8220;default&#8220; background_color=&#8220;RGBA(0,0,0,0)&#8220; custom_margin=&#8220;-116px||||false|false&#8220; custom_margin_tablet=&#8220;0px||||false|false&#8220; custom_margin_phone=&#8220;&#8220; custom_margin_last_edited=&#8220;on|tablet&#8220; custom_padding=&#8220;0px|197px|||false|false&#8220; custom_padding_tablet=&#8220;|0px|||false|false&#8220; custom_padding_phone=&#8220;&#8220; global_colors_info=&#8220;{}&#8220;][et_pb_column type=&#8220;4_4&#8243; _builder_version=&#8220;4.9.11&#8243; _module_preset=&#8220;default&#8220; background_color=&#8220;#003772&#8243; custom_padding=&#8220;40px|30px|80px|30px|false|true&#8220; custom_padding_tablet=&#8220;&#8220; custom_padding_phone=&#8220;|20px||20px|false|true&#8220; custom_padding_last_edited=&#8220;on|desktop&#8220; global_colors_info=&#8220;{}&#8220;][et_pb_text _builder_version=&#8220;4.9.11&#8243; _module_preset=&#8220;328ee7ad-ed91-4601-a1e5-70b2dcbbb6a8&#8243; text_font=&#8220;||||||||&#8220; text_text_color=&#8220;#FFFFFF&#8220; text_font_size=&#8220;16px&#8220; text_letter_spacing=&#8220;1px&#8220; text_line_height=&#8220;1.8em&#8220; background_color=&#8220;RGBA(0,0,0,0)&#8220; text_orientation=&#8220;center&#8220; max_width=&#8220;848px&#8220; min_height=&#8220;419.2px&#8220; custom_padding=&#8220;16px|||||&#8220; text_font_size_tablet=&#8220;15px&#8220; text_font_size_phone=&#8220;14px&#8220; text_font_size_last_edited=&#8220;off|desktop&#8220; locked=&#8220;off&#8220; global_colors_info=&#8220;{}&#8220; custom_padding__hover_enabled=&#8220;on|desktop&#8220;]<\/p>\n<p style=\"text-align: left;\"><span style=\"font-size: x-large;\"><strong>Wir bieten innovative L\u00f6sungen mit Zukunft<\/strong><\/span><\/p>\n<p><strong><\/strong><\/p>\n<p><strong><\/strong><\/p>\n<p style=\"text-align: justify;\">Als traditionsbewusstes, mittelst\u00e4ndisches Familienunternehmen sprechen wir gemeinsam mit allen Mitarbeitern die gleiche Sprache: Kalk. Die Leidenschaft zu diesem wertvollen Rohstoff teilen wir bereits seit unserer Gr\u00fcndung im Jahre 1928.<\/p>\n<p style=\"text-align: justify;\">Unser Unternehmensgr\u00fcnder Otto Breckweg legte durch Pionierarbeit den Grundstein zum Erfolg, indem er mit zwei Feldbrannt\u00f6fen und in reiner Handarbeit die systematische Produktion von Branntkalk aufnahm. Stolz k\u00f6nnen wir behaupten, dass die Kalkwerke Breckweg bis heute, ausschlie\u00dflich in Familienbesitz, zu einem Unternehmen mit 50 Mitarbeitern und einem Jahresumsatz von 9 Millionen Euro angewachsen sind. Unser Unternehmensziel liegt neben der Produktion von Spitzenqualit\u00e4ten in der Erf\u00fcllung differenzierter Kundenw\u00fcnsche.<\/p>\n<p><strong><\/strong><\/p>\n<p><strong>Lassen Sie sich von uns mitnehmen in die vielseitige und faszinierende Welt des Kalkes \u2026<\/strong><\/p>\n<p>[\/et_pb_text][\/et_pb_column][\/et_pb_row][\/et_pb_section][et_pb_section fb_built=&#8220;1&#8243; _builder_version=&#8220;4.9.11&#8243; _module_preset=&#8220;default&#8220; background_color=&#8220;#003772&#8243; custom_padding=&#8220;0px|||||&#8220; global_colors_info=&#8220;{}&#8220;][et_pb_row _builder_version=&#8220;4.9.11&#8243; _module_preset=&#8220;default&#8220; background_color=&#8220;#003772&#8243; global_colors_info=&#8220;{}&#8220;][et_pb_column type=&#8220;4_4&#8243; _builder_version=&#8220;4.9.4&#8243; _module_preset=&#8220;default&#8220; global_colors_info=&#8220;{}&#8220;][et_pb_text _builder_version=&#8220;4.9.4&#8243; _module_preset=&#8220;c3c1179e-80e4-4396-b700-51b845e1c46f&#8220; header_2_font=&#8220;Tajawal|700|||||||&#8220; header_2_text_color=&#8220;#000000&#8243; header_2_font_size=&#8220;60px&#8220; header_2_font_size_tablet=&#8220;32px&#8220; header_2_font_size_phone=&#8220;20px&#8220; header_2_font_size_last_edited=&#8220;on|phone&#8220; locked=&#8220;off&#8220; global_colors_info=&#8220;{}&#8220;]<\/p>\n<h2 style=\"text-align: center;\"><span style=\"color: #ffffff;\">Produkte + Anwendungsgebiete<\/span><\/h2>\n<p>[\/et_pb_text][et_pb_filterable_portfolio fullwidth=&#8220;off&#8220; show_categories=&#8220;off&#8220; show_pagination=&#8220;off&#8220; zoom_icon_color=&#8220;#003772&#8243; hover_overlay_color=&#8220;rgba(255,255,255,0.42)&#8220; _builder_version=&#8220;4.9.11&#8243; _module_preset=&#8220;default&#8220; title_text_color=&#8220;#FFFFFF&#8220; filter_font=&#8220;|600|||||||&#8220; filter_text_color=&#8220;#373320&#8243; pagination_text_color=&#8220;#FFC88D&#8220; background_color=&#8220;#003772&#8243; text_orientation=&#8220;center&#8220; border_color_all_image=&#8220;RGBA(0,0,0,0)&#8220; box_shadow_style_image=&#8220;preset1&#8243; box_shadow_color_image=&#8220;RGBA(0,0,0,0)&#8220; global_colors_info=&#8220;{}&#8220;][\/et_pb_filterable_portfolio][\/et_pb_column][\/et_pb_row][\/et_pb_section]<\/p>\n","protected":false},"excerpt":{"rendered":"<p>Innovative L\u00f6sungenmit ZukunftDer schnelle Weg zu uns 05971 &#8211; 160240oder senden Sie uns eine NAchrichtWir bieten innovative L\u00f6sungen mit Zukunft Als traditionsbewusstes, mittelst\u00e4ndisches Familienunternehmen sprechen wir gemeinsam mit allen Mitarbeitern die gleiche Sprache: Kalk. Die Leidenschaft zu diesem wertvollen Rohstoff teilen wir bereits seit unserer Gr\u00fcndung im Jahre 1928. Unser Unternehmensgr\u00fcnder Otto Breckweg legte durch [&hellip;]<\/p>\n","protected":false},"author":2,"featured_media":0,"parent":0,"menu_order":0,"comment_status":"closed","ping_status":"closed","template":"","meta":{"_et_pb_use_builder":"on","_et_pb_old_content":"","_et_gb_content_width":"","spay_email":"","footnotes":""},"class_list":["post-7","page","type-page","status-publish","hentry"],"_links":{"self":[{"href":"https:\/\/breckweg.staging.hrnetzwerk.de\/index.php?rest_route=\/wp\/v2\/pages\/7","targetHints":{"allow":["GET"]}}],"collection":[{"href":"https:\/\/breckweg.staging.hrnetzwerk.de\/index.php?rest_route=\/wp\/v2\/pages"}],"about":[{"href":"https:\/\/breckweg.staging.hrnetzwerk.de\/index.php?rest_route=\/wp\/v2\/types\/page"}],"author":[{"embeddable":true,"href":"https:\/\/breckweg.staging.hrnetzwerk.de\/index.php?rest_route=\/wp\/v2\/users\/2"}],"replies":[{"embeddable":true,"href":"https:\/\/breckweg.staging.hrnetzwerk.de\/index.php?rest_route=%2Fwp%2Fv2%2Fcomments&post=7"}],"version-history":[{"count":34,"href":"https:\/\/breckweg.staging.hrnetzwerk.de\/index.php?rest_route=\/wp\/v2\/pages\/7\/revisions"}],"predecessor-version":[{"id":245269,"href":"https:\/\/breckweg.staging.hrnetzwerk.de\/index.php?rest_route=\/wp\/v2\/pages\/7\/revisions\/245269"}],"wp:attachment":[{"href":"https:\/\/breckweg.staging.hrnetzwerk.de\/index.php?rest_route=%2Fwp%2Fv2%2Fmedia&parent=7"}],"curies":[{"name":"wp","href":"https:\/\/api.w.org\/{rel}","templated":true}]}}