{"id":342,"date":"2021-08-11T11:44:11","date_gmt":"2021-08-11T09:44:11","guid":{"rendered":"https:\/\/breckweg.staging.hrnetzwerk.de\/?page_id=342"},"modified":"2021-08-17T16:56:20","modified_gmt":"2021-08-17T14:56:20","slug":"stallhygiene","status":"publish","type":"page","link":"https:\/\/breckweg.staging.hrnetzwerk.de\/?page_id=342","title":{"rendered":"Stallhygiene"},"content":{"rendered":"<p>[et_pb_section fb_built=&#8220;1&#8243; admin_label=&#8220;Header&#8220; _builder_version=&#8220;4.9.11&#8243; _module_preset=&#8220;default&#8220; background_color=&#8220;#E9E9E9&#8243; background_enable_image=&#8220;off&#8220; background_position=&#8220;top_center&#8220; custom_padding=&#8220;24px||0px||false|false&#8220; hover_enabled=&#8220;0&#8243; locked=&#8220;off&#8220; global_colors_info=&#8220;{}&#8220; sticky_enabled=&#8220;0&#8243;][et_pb_row _builder_version=&#8220;4.9.4&#8243; _module_preset=&#8220;default&#8220; custom_padding=&#8220;0px|||||&#8220; global_colors_info=&#8220;{}&#8220;][et_pb_column type=&#8220;4_4&#8243; _builder_version=&#8220;4.9.4&#8243; _module_preset=&#8220;default&#8220; global_colors_info=&#8220;{}&#8220;][et_pb_text _builder_version=&#8220;4.9.11&#8243; _module_preset=&#8220;default&#8220; text_font=&#8220;Tajawal|700|||||||&#8220; text_text_color=&#8220;#373320&#8243; text_font_size=&#8220;70px&#8220; text_line_height=&#8220;1.2em&#8220; link_text_color=&#8220;#FE9638&#8243; header_3_text_color=&#8220;#FFFFFF&#8220; background_color=&#8220;#003772&#8243; text_orientation=&#8220;center&#8220; min_height=&#8220;41.5px&#8220; custom_margin=&#8220;||-1px|||&#8220; custom_padding=&#8220;9px|||||&#8220; text_font_size_tablet=&#8220;50px&#8220; text_font_size_phone=&#8220;30px&#8220; text_font_size_last_edited=&#8220;on|phone&#8220; header_font_size_tablet=&#8220;55px&#8220; header_font_size_phone=&#8220;&#8220; header_font_size_last_edited=&#8220;on|tablet&#8220; locked=&#8220;off&#8220; global_colors_info=&#8220;{%22gcid-87cad038-7afd-4dda-acb0-0a24d4ccd112%22:%91%93,%22gcid-431bd12a-5227-4536-9132-2528c0596703%22:%91%93}&#8220; link_font_size__hover_enabled=&#8220;on|desktop&#8220;]<\/p>\n<h2><span style=\"color: #ffffff;\"><strong>Produkte + Anwendungsgebiete<\/strong><\/span><\/h2>\n<p>[\/et_pb_text][et_pb_text _builder_version=&#8220;4.9.11&#8243; _module_preset=&#8220;default&#8220; text_font=&#8220;Tajawal|700|||||||&#8220; text_text_color=&#8220;#003772&#8243; text_font_size=&#8220;70px&#8220; text_line_height=&#8220;1.2em&#8220; link_text_color=&#8220;#FE9638&#8243; header_3_text_color=&#8220;#FFFFFF&#8220; text_orientation=&#8220;center&#8220; custom_padding=&#8220;0px|||||&#8220; text_font_size_tablet=&#8220;50px&#8220; text_font_size_phone=&#8220;30px&#8220; text_font_size_last_edited=&#8220;on|phone&#8220; header_font_size_tablet=&#8220;55px&#8220; header_font_size_phone=&#8220;&#8220; header_font_size_last_edited=&#8220;on|tablet&#8220; locked=&#8220;off&#8220; global_colors_info=&#8220;{%22gcid-87cad038-7afd-4dda-acb0-0a24d4ccd112%22:%91%93,%22gcid-431bd12a-5227-4536-9132-2528c0596703%22:%91%93}&#8220; link_font_size__hover_enabled=&#8220;on|desktop&#8220;]<\/p>\n<p>Landwirtschaft<\/p>\n<p>[\/et_pb_text][\/et_pb_column][\/et_pb_row][et_pb_row column_structure=&#8220;3_5,2_5&#8243; _builder_version=&#8220;4.9.4&#8243; _module_preset=&#8220;default&#8220; global_colors_info=&#8220;{}&#8220;][et_pb_column type=&#8220;3_5&#8243; _builder_version=&#8220;4.9.4&#8243; _module_preset=&#8220;default&#8220; global_colors_info=&#8220;{}&#8220;][et_pb_text _builder_version=&#8220;4.9.4&#8243; _module_preset=&#8220;b0bf5418-994a-43d1-aef8-7d7c6764119d&#8220; header_font=&#8220;Tajawal|900|||||||&#8220; header_text_color=&#8220;#000000&#8243; header_font_size=&#8220;100px&#8220; custom_margin=&#8220;||-3px|||&#8220; header_font_size_tablet=&#8220;50px&#8220; header_font_size_phone=&#8220;32px&#8220; header_font_size_last_edited=&#8220;on|phone&#8220; locked=&#8220;off&#8220; global_colors_info=&#8220;{}&#8220;]<\/p>\n<h1><\/h1>\n<p>[\/et_pb_text][et_pb_image src=&#8220;https:\/\/breckweg.staging.hrnetzwerk.de\/wp-content\/uploads\/2021\/08\/Brecalsan_800x500.jpg&#8220; title_text=&#8220;Logo Brecalsan 4c.indd&#8220; _builder_version=&#8220;4.9.4&#8243; _module_preset=&#8220;default&#8220; box_shadow_style=&#8220;preset1&#8243; box_shadow_color=&#8220;#000000&#8243; global_colors_info=&#8220;{}&#8220;][\/et_pb_image][\/et_pb_column][et_pb_column type=&#8220;2_5&#8243; _builder_version=&#8220;4.9.4&#8243; _module_preset=&#8220;default&#8220; global_colors_info=&#8220;{}&#8220;][et_pb_image src=&#8220;https:\/\/breckweg.staging.hrnetzwerk.de\/wp-content\/uploads\/2021\/08\/Original_Breckweg-Logo_freigestellt_500px_72dpi.png&#8220; title_text=&#8220;Original_Breckweg-Logo_freigestellt_500px_72dpi&#8220; align=&#8220;center&#8220; _builder_version=&#8220;4.9.4&#8243; _module_preset=&#8220;default&#8220; custom_margin=&#8220;||81px|||&#8220; global_colors_info=&#8220;{}&#8220;][\/et_pb_image][et_pb_text _builder_version=&#8220;4.9.11&#8243; _module_preset=&#8220;c3c1179e-80e4-4396-b700-51b845e1c46f&#8220; text_font=&#8220;|700|||||||&#8220; text_text_color=&#8220;#FFFFFF&#8220; text_font_size=&#8220;38px&#8220; text_line_height=&#8220;2.8em&#8220; header_2_font=&#8220;Tajawal|700|||||||&#8220; header_2_text_align=&#8220;center&#8220; header_2_text_color=&#8220;#FFD3A4&#8243; header_2_font_size=&#8220;50px&#8220; background_color=&#8220;#003772&#8243; text_orientation=&#8220;center&#8220; custom_margin_last_edited=&#8220;off|desktop&#8220; header_2_font_size_tablet=&#8220;32px&#8220; header_2_font_size_phone=&#8220;20px&#8220; header_2_font_size_last_edited=&#8220;on|phone&#8220; global_colors_info=&#8220;{%22gcid-87ce0c3f-2a7b-40dd-8a42-4148be75d651%22:%91%93}&#8220;]<\/p>\n<p>Stallhygiene<\/p>\n<p>[\/et_pb_text][\/et_pb_column][\/et_pb_row][\/et_pb_section][et_pb_section fb_built=&#8220;1&#8243; _builder_version=&#8220;4.9.11&#8243; _module_preset=&#8220;default&#8220; background_color=&#8220;#E9E9E9&#8243; hover_enabled=&#8220;0&#8243; global_colors_info=&#8220;{}&#8220; sticky_enabled=&#8220;0&#8243;][et_pb_row _builder_version=&#8220;4.9.11&#8243; _module_preset=&#8220;default&#8220; background_color=&#8220;#003772&#8243; custom_padding=&#8220;20px|25px|20px|25px|true|true&#8220; global_colors_info=&#8220;{}&#8220;][et_pb_column type=&#8220;4_4&#8243; _builder_version=&#8220;4.9.4&#8243; _module_preset=&#8220;default&#8220; global_colors_info=&#8220;{}&#8220;][et_pb_text _builder_version=&#8220;4.9.4&#8243; _module_preset=&#8220;default&#8220; text_text_color=&#8220;#FFC88D&#8220; text_font_size=&#8220;18px&#8220; text_letter_spacing=&#8220;1px&#8220; global_colors_info=&#8220;{}&#8220;]<\/p>\n<p><span style=\"color: #ffc88d;\"><strong><\/strong><\/span><span style=\"color: #ffffff;\">Hygiene im Stall mit BreCalSan\u00ae, der Einstreukalk f\u00fcr Topleistungen in der Milchviehhaltung. BreCalSan\u00ae ist ein Einstreuprodukt zur Hygienisierung der Lauf- und Liegefl\u00e4chen in Rinderst\u00e4llen. BreCalSan\u00ae ist ein fein vermahlenes Naturprodukt und besteht aus einer Mischung verschiedener kalkst\u00e4mmiger Produkte besonderer G\u00fcte ohne chemische Zus\u00e4tze.<\/span><\/p>\n<p>[\/et_pb_text][\/et_pb_column][\/et_pb_row][et_pb_row column_structure=&#8220;1_2,1_2&#8243; _builder_version=&#8220;4.9.11&#8243; _module_preset=&#8220;default&#8220; global_colors_info=&#8220;{}&#8220;][et_pb_column type=&#8220;1_2&#8243; _builder_version=&#8220;4.9.4&#8243; _module_preset=&#8220;default&#8220; global_colors_info=&#8220;{}&#8220;][et_pb_text _builder_version=&#8220;4.9.4&#8243; _module_preset=&#8220;c3c1179e-80e4-4396-b700-51b845e1c46f&#8220; text_font=&#8220;|700|||||||&#8220; text_text_color=&#8220;#B30923&#8243; text_font_size=&#8220;30px&#8220; header_2_font=&#8220;Tajawal|700|||||||&#8220; header_2_text_color=&#8220;#000000&#8243; header_2_font_size=&#8220;60px&#8220; header_2_font_size_tablet=&#8220;32px&#8220; header_2_font_size_phone=&#8220;20px&#8220; header_2_font_size_last_edited=&#8220;on|phone&#8220; locked=&#8220;off&#8220; global_colors_info=&#8220;{}&#8220;]Die Problematik[\/et_pb_text][et_pb_blurb title=&#8220;Klauenkrankheiten wie zum Beispiel Mortellaro&#8220; use_icon=&#8220;on&#8220; font_icon=&#8220;%%44%%&#8220; icon_color=&#8220;#B30923&#8243; icon_placement=&#8220;left&#8220; _builder_version=&#8220;4.9.4&#8243; _module_preset=&#8220;default&#8220; header_font=&#8220;Tajawal|700|||||||&#8220; header_text_color=&#8220;#B30923&#8243; header_line_height=&#8220;1.5em&#8220; custom_margin=&#8220;||-2px|||&#8220; header_font_size_tablet=&#8220;16px&#8220; header_font_size_phone=&#8220;16px&#8220; header_font_size_last_edited=&#8220;on|phone&#8220; global_colors_info=&#8220;{}&#8220;][\/et_pb_blurb][et_pb_blurb title=&#8220;Entz\u00fcndungen durch Hautabsch\u00fcrfungen und Euterverletzungen&#8220; use_icon=&#8220;on&#8220; font_icon=&#8220;%%44%%&#8220; icon_color=&#8220;#B30923&#8243; icon_placement=&#8220;left&#8220; _builder_version=&#8220;4.9.11&#8243; _module_preset=&#8220;default&#8220; header_font=&#8220;Tajawal|700|||||||&#8220; header_text_color=&#8220;#B30923&#8243; header_line_height=&#8220;1.5em&#8220; header_font_size_tablet=&#8220;16px&#8220; header_font_size_phone=&#8220;16px&#8220; header_font_size_last_edited=&#8220;on|phone&#8220; global_colors_info=&#8220;{}&#8220;][\/et_pb_blurb][et_pb_blurb title=&#8220;Hoher Keimdruck&#8220; use_icon=&#8220;on&#8220; font_icon=&#8220;%%44%%&#8220; icon_color=&#8220;#B30923&#8243; icon_placement=&#8220;left&#8220; _builder_version=&#8220;4.9.4&#8243; _module_preset=&#8220;default&#8220; header_font=&#8220;Tajawal|700|||||||&#8220; header_text_color=&#8220;#B30923&#8243; header_line_height=&#8220;1.5em&#8220; custom_margin=&#8220;-35px||-2px|||&#8220; header_font_size_tablet=&#8220;16px&#8220; header_font_size_phone=&#8220;16px&#8220; header_font_size_last_edited=&#8220;on|phone&#8220; global_colors_info=&#8220;{}&#8220;][\/et_pb_blurb][et_pb_blurb title=&#8220;Keimvermehrung durch Feuchtstellen&#8220; use_icon=&#8220;on&#8220; font_icon=&#8220;%%44%%&#8220; icon_color=&#8220;#B30923&#8243; icon_placement=&#8220;left&#8220; _builder_version=&#8220;4.9.11&#8243; _module_preset=&#8220;default&#8220; header_font=&#8220;Tajawal|700|||||||&#8220; header_text_color=&#8220;#B30923&#8243; header_line_height=&#8220;1.5em&#8220; custom_margin=&#8220;||-1px|||&#8220; header_font_size_tablet=&#8220;16px&#8220; header_font_size_phone=&#8220;16px&#8220; header_font_size_last_edited=&#8220;on|phone&#8220; global_colors_info=&#8220;{}&#8220;][\/et_pb_blurb][et_pb_blurb title=&#8220;besondere Infektionsgefahr in der Liegephase der Tiere&#8220; use_icon=&#8220;on&#8220; font_icon=&#8220;%%44%%&#8220; icon_color=&#8220;#B30923&#8243; icon_placement=&#8220;left&#8220; _builder_version=&#8220;4.9.4&#8243; _module_preset=&#8220;default&#8220; header_font=&#8220;Tajawal|700|||||||&#8220; header_text_color=&#8220;#B30923&#8243; header_line_height=&#8220;1.5em&#8220; custom_margin=&#8220;||0px|||&#8220; header_font_size_tablet=&#8220;16px&#8220; header_font_size_phone=&#8220;16px&#8220; header_font_size_last_edited=&#8220;on|phone&#8220; global_colors_info=&#8220;{}&#8220;][\/et_pb_blurb][et_pb_blurb title=&#8220;hohe Zellgehalte in der Milch&#8220; use_icon=&#8220;on&#8220; font_icon=&#8220;%%44%%&#8220; icon_color=&#8220;#B30923&#8243; icon_placement=&#8220;left&#8220; _builder_version=&#8220;4.9.4&#8243; _module_preset=&#8220;default&#8220; header_font=&#8220;Tajawal|700|||||||&#8220; header_text_color=&#8220;#B30923&#8243; header_line_height=&#8220;1.5em&#8220; custom_margin=&#8220;||-2px|||&#8220; header_font_size_tablet=&#8220;16px&#8220; header_font_size_phone=&#8220;16px&#8220; header_font_size_last_edited=&#8220;on|phone&#8220; global_colors_info=&#8220;{}&#8220;][\/et_pb_blurb][et_pb_blurb title=&#8220;ungesundes Stallklima&#8220; use_icon=&#8220;on&#8220; font_icon=&#8220;%%44%%&#8220; icon_color=&#8220;#B30923&#8243; icon_placement=&#8220;left&#8220; _builder_version=&#8220;4.9.4&#8243; _module_preset=&#8220;default&#8220; header_font=&#8220;Tajawal|700|||||||&#8220; header_text_color=&#8220;#B30923&#8243; header_line_height=&#8220;1.5em&#8220; header_font_size_tablet=&#8220;16px&#8220; header_font_size_phone=&#8220;16px&#8220; header_font_size_last_edited=&#8220;on|phone&#8220; global_colors_info=&#8220;{}&#8220;][\/et_pb_blurb][\/et_pb_column][et_pb_column type=&#8220;1_2&#8243; _builder_version=&#8220;4.9.4&#8243; _module_preset=&#8220;default&#8220; global_colors_info=&#8220;{}&#8220;][et_pb_text _builder_version=&#8220;4.9.4&#8243; _module_preset=&#8220;c3c1179e-80e4-4396-b700-51b845e1c46f&#8220; text_font=&#8220;|700|||||||&#8220; text_text_color=&#8220;#003772&#8243; text_font_size=&#8220;30px&#8220; header_2_font=&#8220;Tajawal|700|||||||&#8220; header_2_text_color=&#8220;#000000&#8243; header_2_font_size=&#8220;60px&#8220; header_2_font_size_tablet=&#8220;32px&#8220; header_2_font_size_phone=&#8220;20px&#8220; header_2_font_size_last_edited=&#8220;on|phone&#8220; locked=&#8220;off&#8220; global_colors_info=&#8220;{}&#8220;]Die Vorteile von BreCalSan\u00ae[\/et_pb_text][et_pb_blurb title=&#8220;Durch anhaltend hohen pH-Wert von \u00fcber 12 pH, Reduzierung von Wachstum und Vermehrung pathogener Keime.&#8220; use_icon=&#8220;on&#8220; font_icon=&#8220;%%45%%&#8220; icon_color=&#8220;#003772&#8243; icon_placement=&#8220;left&#8220; use_icon_font_size=&#8220;on&#8220; icon_font_size=&#8220;28px&#8220; _builder_version=&#8220;4.9.11&#8243; _module_preset=&#8220;default&#8220; header_font=&#8220;Tajawal|700|||||||&#8220; header_text_color=&#8220;#003772&#8243; header_line_height=&#8220;1.5em&#8220; custom_margin=&#8220;||-7px|||&#8220; header_font_size_tablet=&#8220;16px&#8220; header_font_size_phone=&#8220;16px&#8220; header_font_size_last_edited=&#8220;on|phone&#8220; global_colors_info=&#8220;{}&#8220;][\/et_pb_blurb][et_pb_blurb title=&#8220;Vermindert Hautirritationen an Gelenken und anderen empfindlichen K\u00f6rperteilen.&#8220; use_icon=&#8220;on&#8220; font_icon=&#8220;%%45%%&#8220; icon_color=&#8220;#003772&#8243; icon_placement=&#8220;left&#8220; use_icon_font_size=&#8220;on&#8220; icon_font_size=&#8220;28px&#8220; _builder_version=&#8220;4.9.11&#8243; _module_preset=&#8220;default&#8220; header_font=&#8220;Tajawal|700|||||||&#8220; header_text_color=&#8220;#003772&#8243; header_line_height=&#8220;1.5em&#8220; custom_margin=&#8220;||-1px|||&#8220; custom_padding=&#8220;||0px|||&#8220; header_font_size_tablet=&#8220;16px&#8220; header_font_size_phone=&#8220;16px&#8220; header_font_size_last_edited=&#8220;on|phone&#8220; global_colors_info=&#8220;{}&#8220;][\/et_pb_blurb][et_pb_blurb title=&#8220;Trocknet Lauf- und Liegefl\u00e4chen durch hohe aktive Oberfl\u00e4che&#8220; use_icon=&#8220;on&#8220; font_icon=&#8220;%%45%%&#8220; icon_color=&#8220;#003772&#8243; icon_placement=&#8220;left&#8220; use_icon_font_size=&#8220;on&#8220; icon_font_size=&#8220;28px&#8220; _builder_version=&#8220;4.9.11&#8243; _module_preset=&#8220;default&#8220; header_font=&#8220;Tajawal|700|||||||&#8220; header_text_color=&#8220;#003772&#8243; header_line_height=&#8220;1.5em&#8220; header_font_size_tablet=&#8220;16px&#8220; header_font_size_phone=&#8220;16px&#8220; header_font_size_last_edited=&#8220;on|phone&#8220; global_colors_info=&#8220;{}&#8220;][\/et_pb_blurb][et_pb_blurb title=&#8220;Klauenkrankheiten wie Mortellaro oder Klauenf\u00e4ule werden nachhaltig reduziert&#8220; use_icon=&#8220;on&#8220; font_icon=&#8220;%%45%%&#8220; icon_color=&#8220;#003772&#8243; icon_placement=&#8220;left&#8220; use_icon_font_size=&#8220;on&#8220; icon_font_size=&#8220;28px&#8220; _builder_version=&#8220;4.9.11&#8243; _module_preset=&#8220;default&#8220; header_font=&#8220;Tajawal|700|||||||&#8220; header_text_color=&#8220;#003772&#8243; header_line_height=&#8220;1.5em&#8220; custom_margin=&#8220;-32px|||||&#8220; header_font_size_tablet=&#8220;16px&#8220; header_font_size_phone=&#8220;16px&#8220; header_font_size_last_edited=&#8220;on|phone&#8220; global_colors_info=&#8220;{}&#8220;][\/et_pb_blurb][et_pb_blurb title=&#8220;Sehr gute Hautvertr\u00e4glichkeit&#8220; use_icon=&#8220;on&#8220; font_icon=&#8220;%%45%%&#8220; icon_color=&#8220;#003772&#8243; icon_placement=&#8220;left&#8220; use_icon_font_size=&#8220;on&#8220; icon_font_size=&#8220;28px&#8220; _builder_version=&#8220;4.9.11&#8243; _module_preset=&#8220;default&#8220; header_font=&#8220;Tajawal|700|||||||&#8220; header_text_color=&#8220;#003772&#8243; header_line_height=&#8220;1.5em&#8220; custom_margin=&#8220;-33px||0px|||&#8220; header_font_size_tablet=&#8220;16px&#8220; header_font_size_phone=&#8220;16px&#8220; header_font_size_last_edited=&#8220;on|phone&#8220; global_colors_info=&#8220;{}&#8220;][\/et_pb_blurb][et_pb_blurb title=&#8220;H\u00e4lt Euter und Zitzen sauber und geschmeidig&#8220; use_icon=&#8220;on&#8220; font_icon=&#8220;%%45%%&#8220; icon_color=&#8220;#003772&#8243; icon_placement=&#8220;left&#8220; use_icon_font_size=&#8220;on&#8220; icon_font_size=&#8220;28px&#8220; _builder_version=&#8220;4.9.11&#8243; _module_preset=&#8220;default&#8220; header_font=&#8220;Tajawal|700|||||||&#8220; header_text_color=&#8220;#003772&#8243; header_line_height=&#8220;1.5em&#8220; header_font_size_tablet=&#8220;16px&#8220; header_font_size_phone=&#8220;16px&#8220; header_font_size_last_edited=&#8220;on|phone&#8220; global_colors_info=&#8220;{}&#8220;][\/et_pb_blurb][\/et_pb_column][\/et_pb_row][et_pb_row _builder_version=&#8220;4.9.4&#8243; _module_preset=&#8220;default&#8220; min_height=&#8220;193px&#8220; custom_padding=&#8220;||0px|||&#8220; global_colors_info=&#8220;{}&#8220;][et_pb_column type=&#8220;4_4&#8243; _builder_version=&#8220;4.9.4&#8243; _module_preset=&#8220;default&#8220; global_colors_info=&#8220;{}&#8220;][et_pb_blurb title=&#8220;Reduzierung von Fliegen, Parasiten und Ungeziefer.&#8220; use_icon=&#8220;on&#8220; font_icon=&#8220;%%36%%&#8220; icon_color=&#8220;#373320&#8243; icon_placement=&#8220;left&#8220; content_max_width=&#8220;800px&#8220; _builder_version=&#8220;4.9.4&#8243; _module_preset=&#8220;default&#8220; header_font=&#8220;|800|||||||&#8220; header_text_align=&#8220;left&#8220; header_text_color=&#8220;#373320&#8243; header_font_size=&#8220;20px&#8220; header_line_height=&#8220;1.5em&#8220; custom_margin=&#8220;||0px|||&#8220; header_font_size_tablet=&#8220;16px&#8220; header_font_size_phone=&#8220;16px&#8220; header_font_size_last_edited=&#8220;on|phone&#8220; global_colors_info=&#8220;{}&#8220; custom_margin__hover_enabled=&#8220;on|desktop&#8220;][\/et_pb_blurb][et_pb_blurb title=&#8220;Sorgt durch Bindung von Ammoniak f\u00fcr ein gesundes Stallklima.&#8220; use_icon=&#8220;on&#8220; font_icon=&#8220;%%36%%&#8220; icon_color=&#8220;#373320&#8243; icon_placement=&#8220;left&#8220; content_max_width=&#8220;800px&#8220; _builder_version=&#8220;4.9.4&#8243; _module_preset=&#8220;default&#8220; header_font=&#8220;|800|||||||&#8220; header_text_align=&#8220;left&#8220; header_text_color=&#8220;#373320&#8243; header_font_size=&#8220;20px&#8220; header_line_height=&#8220;1.5em&#8220; custom_margin=&#8220;||-1px|||&#8220; header_font_size_tablet=&#8220;16px&#8220; header_font_size_phone=&#8220;16px&#8220; header_font_size_last_edited=&#8220;on|phone&#8220; global_colors_info=&#8220;{}&#8220; custom_margin__hover_enabled=&#8220;on|desktop&#8220;][\/et_pb_blurb][et_pb_blurb title=&#8220;Erh\u00f6ht die Flie\u00dff\u00e4higkeit der G\u00fclle.&#8220; use_icon=&#8220;on&#8220; font_icon=&#8220;%%36%%&#8220; icon_color=&#8220;#373320&#8243; icon_placement=&#8220;left&#8220; content_max_width=&#8220;800px&#8220; _builder_version=&#8220;4.9.4&#8243; _module_preset=&#8220;default&#8220; header_font=&#8220;|800|||||||&#8220; header_text_align=&#8220;left&#8220; header_text_color=&#8220;#373320&#8243; header_font_size=&#8220;20px&#8220; header_line_height=&#8220;1.5em&#8220; custom_margin=&#8220;||2px|||&#8220; header_font_size_tablet=&#8220;16px&#8220; header_font_size_phone=&#8220;16px&#8220; header_font_size_last_edited=&#8220;on|phone&#8220; global_colors_info=&#8220;{}&#8220; custom_margin__hover_enabled=&#8220;on|desktop&#8220;][\/et_pb_blurb][et_pb_blurb title=&#8220;Geeignet f\u00fcr Biogasanlagen.&#8220; use_icon=&#8220;on&#8220; font_icon=&#8220;%%36%%&#8220; icon_color=&#8220;#373320&#8243; icon_placement=&#8220;left&#8220; content_max_width=&#8220;800px&#8220; _builder_version=&#8220;4.9.4&#8243; _module_preset=&#8220;default&#8220; header_font=&#8220;|800|||||||&#8220; header_text_align=&#8220;left&#8220; header_text_color=&#8220;#373320&#8243; header_font_size=&#8220;20px&#8220; header_line_height=&#8220;1.5em&#8220; header_font_size_tablet=&#8220;16px&#8220; header_font_size_phone=&#8220;16px&#8220; header_font_size_last_edited=&#8220;on|phone&#8220; global_colors_info=&#8220;{}&#8220; custom_margin__hover_enabled=&#8220;on|desktop&#8220;][\/et_pb_blurb][\/et_pb_column][\/et_pb_row][et_pb_row _builder_version=&#8220;4.9.4&#8243; _module_preset=&#8220;default&#8220; global_colors_info=&#8220;{}&#8220;][et_pb_column type=&#8220;4_4&#8243; _builder_version=&#8220;4.9.4&#8243; _module_preset=&#8220;default&#8220; global_colors_info=&#8220;{}&#8220;][et_pb_text _builder_version=&#8220;4.9.4&#8243; _module_preset=&#8220;default&#8220; text_font=&#8220;|800|||||||&#8220; text_text_color=&#8220;#373320&#8243; text_font_size=&#8220;30px&#8220; text_orientation=&#8220;center&#8220; global_colors_info=&#8220;{}&#8220;]<\/p>\n<p><span style=\"color: #000000;\">Bre<span style=\"color: #ff0000;\">Cal<\/span>San\u00ae ist ein Biozid laut Verordnung (EG) Nr. 1451\/2007 N-36234<\/span><\/p>\n<p>[\/et_pb_text][\/et_pb_column][\/et_pb_row][\/et_pb_section]<\/p>\n","protected":false},"excerpt":{"rendered":"<p>Produkte + AnwendungsgebieteLandwirtschaftStallhygieneHygiene im Stall mit BreCalSan\u00ae, der Einstreukalk f\u00fcr Topleistungen in der Milchviehhaltung. BreCalSan\u00ae ist ein Einstreuprodukt zur Hygienisierung der Lauf- und Liegefl\u00e4chen in Rinderst\u00e4llen. BreCalSan\u00ae ist ein fein vermahlenes Naturprodukt und besteht aus einer Mischung verschiedener kalkst\u00e4mmiger Produkte besonderer G\u00fcte ohne chemische Zus\u00e4tze.Die ProblematikDie Vorteile von BreCalSan\u00aeBreCalSan\u00ae ist ein Biozid laut Verordnung (EG) [&hellip;]<\/p>\n","protected":false},"author":2,"featured_media":0,"parent":0,"menu_order":0,"comment_status":"closed","ping_status":"closed","template":"","meta":{"_et_pb_use_builder":"on","_et_pb_old_content":"","_et_gb_content_width":"","spay_email":"","footnotes":""},"class_list":["post-342","page","type-page","status-publish","hentry"],"_links":{"self":[{"href":"https:\/\/breckweg.staging.hrnetzwerk.de\/index.php?rest_route=\/wp\/v2\/pages\/342","targetHints":{"allow":["GET"]}}],"collection":[{"href":"https:\/\/breckweg.staging.hrnetzwerk.de\/index.php?rest_route=\/wp\/v2\/pages"}],"about":[{"href":"https:\/\/breckweg.staging.hrnetzwerk.de\/index.php?rest_route=\/wp\/v2\/types\/page"}],"author":[{"embeddable":true,"href":"https:\/\/breckweg.staging.hrnetzwerk.de\/index.php?rest_route=\/wp\/v2\/users\/2"}],"replies":[{"embeddable":true,"href":"https:\/\/breckweg.staging.hrnetzwerk.de\/index.php?rest_route=%2Fwp%2Fv2%2Fcomments&post=342"}],"version-history":[{"count":13,"href":"https:\/\/breckweg.staging.hrnetzwerk.de\/index.php?rest_route=\/wp\/v2\/pages\/342\/revisions"}],"predecessor-version":[{"id":245253,"href":"https:\/\/breckweg.staging.hrnetzwerk.de\/index.php?rest_route=\/wp\/v2\/pages\/342\/revisions\/245253"}],"wp:attachment":[{"href":"https:\/\/breckweg.staging.hrnetzwerk.de\/index.php?rest_route=%2Fwp%2Fv2%2Fmedia&parent=342"}],"curies":[{"name":"wp","href":"https:\/\/api.w.org\/{rel}","templated":true}]}}